{"id":8492,"date":"2016-04-05T12:22:09","date_gmt":"2016-04-05T10:22:09","guid":{"rendered":"http:\/\/www.henkel-hoyer.de\/?page_id=8492"},"modified":"2016-04-19T14:56:22","modified_gmt":"2016-04-19T12:56:22","slug":"konzept","status":"publish","type":"page","link":"https:\/\/henkel-hoyer.de\/index.php\/konzept\/","title":{"rendered":"Konzept"},"content":{"rendered":"[mk_page_section bg_image=&#8220;https:\/\/henkel-hoyer.de\/wp-content\/uploads\/2016\/04\/DSC0632-1.jpg&#8220; attachment=&#8220;fixed&#8220; bg_position=&#8220;center center&#8220; bg_repeat=&#8220;repeat-x&#8220; bg_stretch=&#8220;true&#8220; video_loop=&#8220;false&#8220; video_color_mask=&#8220;#000000&#8243; video_opacity=&#8220;0.3&#8243; top_shadow=&#8220;true&#8220; min_height=&#8220;400&#8243; full_width=&#8220;true&#8220; full_height=&#8220;true&#8220; padding_top=&#8220;140&#8243; padding_bottom=&#8220;100&#8243; top_shape_color=&#8220;#000000&#8243; bottom_shape_color=&#8220;#000000&#8243; sidebar=&#8220;sidebar-1&#8243;][vc_column][mk_padding_divider size=&#8220;50&#8243;][mk_padding_divider size=&#8220;50&#8243; visibility=&#8220;hidden-sm&#8220;][mk_fancy_title color=&#8220;#ffffff&#8220; size=&#8220;35&#8243; force_font_size=&#8220;true&#8220; size_smallscreen=&#8220;35&#8243; size_tablet=&#8220;35&#8243; size_phone=&#8220;25&#8243; font_weight=&#8220;400&#8243; margin_bottom=&#8220;0&#8243; font_family=&#8220;Raleway&#8220; font_type=&#8220;google&#8220; align=&#8220;center&#8220;]Unser[\/mk_fancy_title][mk_fancy_title color=&#8220;#8fcdbd&#8220; size=&#8220;80&#8243; force_font_size=&#8220;true&#8220; size_smallscreen=&#8220;80&#8243; size_tablet=&#8220;80&#8243; size_phone=&#8220;40&#8243; font_weight=&#8220;200&#8243; txt_transform=&#8220;uppercase&#8220; margin_bottom=&#8220;0&#8243; font_family=&#8220;Raleway&#8220; font_type=&#8220;google&#8220; align=&#8220;center&#8220; animation=&#8220;bottom-to-top&#8220;]\n<p style=\"text-align: center;\">Konzept<\/p>\n[\/mk_fancy_title][mk_padding_divider size=&#8220;50&#8243;][mk_padding_divider size=&#8220;50&#8243; visibility=&#8220;hidden-sm&#8220;][\/vc_column][\/mk_page_section][vc_row][vc_column width=&#8220;1\/2&#8243;][mk_padding_divider size=&#8220;50&#8243;][mk_padding_divider size=&#8220;35&#8243; visibility=&#8220;hidden-sm&#8220;][mk_fancy_title color_style=&#8220;gradient_color&#8220; grandient_color_from=&#8220;#8fcdbd&#8220; grandient_color_to=&#8220;#b8e300&#8243; grandient_color_angle=&#8220;horizontal&#8220; grandient_color_fallback=&#8220;#8fcdbd&#8220; size=&#8220;56&#8243; force_font_size=&#8220;true&#8220; size_smallscreen=&#8220;56&#8243; size_tablet=&#8220;56&#8243; size_phone=&#8220;40&#8243; font_weight=&#8220;200&#8243; margin_bottom=&#8220;0&#8243; font_family=&#8220;Raleway&#8220; font_type=&#8220;google&#8220; animation=&#8220;left-to-right&#8220;]Henkel &amp; Hoyer ist ein Zusammenschluss der Zahn\u00e4rzte Axel Hoyer und Christian Henkel.[\/mk_fancy_title][\/vc_column][vc_column width=&#8220;1\/2&#8243;][mk_padding_divider size=&#8220;50&#8243;][mk_padding_divider size=&#8220;50&#8243; visibility=&#8220;hidden-sm&#8220;][vc_column_text]Die Gemeinschaftspraxis Henkel &amp; Hoyer ist ein Zusammenschluss der Zahn\u00e4rzte Axel Hoyer und Christian Henkel.\u00a0Orientiert an den aktuellen Entwicklungen im Bereich Forschung, des Gesundheitswesens und den sich wandelnden Anspr\u00fcchen unserer Patienten bieten wir eine moderne qualit\u00e4tsorientierte und damit kundenorientierte Zahnheilkunde.[\/vc_column_text][mk_fancy_title color=&#8220;#2e2e2e&#8220; size=&#8220;56&#8243; force_font_size=&#8220;true&#8220; size_smallscreen=&#8220;56&#8243; size_tablet=&#8220;40&#8243; size_phone=&#8220;40&#8243; font_weight=&#8220;200&#8243; margin_top=&#8220;30&#8243; margin_bottom=&#8220;0&#8243; font_family=&#8220;Raleway&#8220; font_type=&#8220;google&#8220; animation=&#8220;left-to-right&#8220;]\n<h4>Wir betrachten die Zahnmedizin als Zahnheilkunde<\/h4>\n[\/mk_fancy_title][vc_column_text]Das Konzept sieht vor, dass f\u00fcr unsere Patienten bei Bedarf neben der fachlichen Spezi\ufb01zierung und einem umfassenden Therapiespektrum innerhalb unserer Praxis auch mit Fach\u00e4rzten zusammen gearbeitet wird, wie Kieferorthop\u00e4den, Mund-Kiefer-Gesichtschirurgen, Physio- und Craniosakraltherapeuten. Wir betrachten die Zahnmedizin als Zahnheilkunde, bei der Sie uns als unsere Patienten, Ihr Wohl und Ihre Bed\u00fcrfnisse am Herzen liegen, unabh\u00e4ngig von versicherungstechnischen Reglementierungen.[\/vc_column_text][mk_fancy_title color=&#8220;#2e2e2e&#8220; size=&#8220;56&#8243; force_font_size=&#8220;true&#8220; size_smallscreen=&#8220;56&#8243; size_tablet=&#8220;40&#8243; size_phone=&#8220;40&#8243; font_weight=&#8220;200&#8243; margin_top=&#8220;30&#8243; margin_bottom=&#8220;0&#8243; font_family=&#8220;Raleway&#8220; font_type=&#8220;google&#8220; animation=&#8220;left-to-right&#8220;]\n<h4>Bestm\u00f6gliche Resultate f\u00fcr Sie<\/h4>\n[\/mk_fancy_title][vc_column_text]Unser langfristiges Ziel ist es, das f\u00fcr Sie bestm\u00f6gliche Resultat unter Einbeziehung Ihrer individuellen Diagnose und ihren Vorstellungen zu realisieren und damit f\u00fcr Ihre uneingeschr\u00e4nkte Zufriedenheit Sorge zu tragen.[\/vc_column_text][mk_padding_divider size=&#8220;50&#8243;][mk_padding_divider size=&#8220;50&#8243; visibility=&#8220;hidden-sm&#8220;][\/vc_column][\/vc_row]\n","protected":false},"excerpt":{"rendered":"<p>[mk_page_section bg_image=&#8220;https:\/\/henkel-hoyer.de\/wp-content\/uploads\/2016\/04\/DSC0632-1.jpg&#8220; attachment=&#8220;fixed&#8220; bg_position=&#8220;center center&#8220; bg_repeat=&#8220;repeat-x&#8220; bg_stretch=&#8220;true&#8220; video_loop=&#8220;false&#8220; video_color_mask=&#8220;#000000&#8243; video_opacity=&#8220;0.3&#8243; top_shadow=&#8220;true&#8220; min_height=&#8220;400&#8243; full_width=&#8220;true&#8220; full_height=&#8220;true&#8220; padding_top=&#8220;140&#8243; padding_bottom=&#8220;100&#8243; top_shape_color=&#8220;#000000&#8243; bottom_shape_color=&#8220;#000000&#8243; sidebar=&#8220;sidebar-1&#8243;][vc_column][mk_padding_divider size=&#8220;50&#8243;][mk_padding_divider size=&#8220;50&#8243; visibility=&#8220;hidden-sm&#8220;][mk_fancy_title color=&#8220;#ffffff&#8220; size=&#8220;35&#8243; force_font_size=&#8220;true&#8220; size_smallscreen=&#8220;35&#8243; size_tablet=&#8220;35&#8243; size_phone=&#8220;25&#8243; font_weight=&#8220;400&#8243; margin_bottom=&#8220;0&#8243; font_family=&#8220;Raleway&#8220; font_type=&#8220;google&#8220; align=&#8220;center&#8220;]Unser[\/mk_fancy_title][mk_fancy_title color=&#8220;#8fcdbd&#8220; size=&#8220;80&#8243; force_font_size=&#8220;true&#8220; size_smallscreen=&#8220;80&#8243; size_tablet=&#8220;80&#8243; size_phone=&#8220;40&#8243; font_weight=&#8220;200&#8243; txt_transform=&#8220;uppercase&#8220; margin_bottom=&#8220;0&#8243; font_family=&#8220;Raleway&#8220; font_type=&#8220;google&#8220; align=&#8220;center&#8220; animation=&#8220;bottom-to-top&#8220;] Konzept [\/mk_fancy_title][mk_padding_divider size=&#8220;50&#8243;][mk_padding_divider size=&#8220;50&#8243; visibility=&#8220;hidden-sm&#8220;][\/vc_column][\/mk_page_section][vc_row][vc_column width=&#8220;1\/2&#8243;][mk_padding_divider size=&#8220;50&#8243;][mk_padding_divider size=&#8220;35&#8243; visibility=&#8220;hidden-sm&#8220;][mk_fancy_title [&hellip;]<\/p>\n","protected":false},"author":1,"featured_media":0,"parent":0,"menu_order":0,"comment_status":"closed","ping_status":"closed","template":"","meta":{"footnotes":""},"class_list":["post-8492","page","type-page","status-publish","hentry"],"_links":{"self":[{"href":"https:\/\/henkel-hoyer.de\/index.php\/wp-json\/wp\/v2\/pages\/8492","targetHints":{"allow":["GET"]}}],"collection":[{"href":"https:\/\/henkel-hoyer.de\/index.php\/wp-json\/wp\/v2\/pages"}],"about":[{"href":"https:\/\/henkel-hoyer.de\/index.php\/wp-json\/wp\/v2\/types\/page"}],"author":[{"embeddable":true,"href":"https:\/\/henkel-hoyer.de\/index.php\/wp-json\/wp\/v2\/users\/1"}],"replies":[{"embeddable":true,"href":"https:\/\/henkel-hoyer.de\/index.php\/wp-json\/wp\/v2\/comments?post=8492"}],"version-history":[{"count":33,"href":"https:\/\/henkel-hoyer.de\/index.php\/wp-json\/wp\/v2\/pages\/8492\/revisions"}],"predecessor-version":[{"id":8793,"href":"https:\/\/henkel-hoyer.de\/index.php\/wp-json\/wp\/v2\/pages\/8492\/revisions\/8793"}],"wp:attachment":[{"href":"https:\/\/henkel-hoyer.de\/index.php\/wp-json\/wp\/v2\/media?parent=8492"}],"curies":[{"name":"wp","href":"https:\/\/api.w.org\/{rel}","templated":true}]}}